{"id":961,"date":"2016-07-15T14:21:20","date_gmt":"2016-07-15T14:21:20","guid":{"rendered":"http:\/\/test.kriesi.at\/enfold-medical\/?page_id=961"},"modified":"2023-09-13T16:52:58","modified_gmt":"2023-09-13T16:52:58","slug":"soins-proposes","status":"publish","type":"page","link":"https:\/\/www.cabinetinfirmierhp.fr\/?page_id=961","title":{"rendered":"Soins"},"content":{"rendered":"<div id='av-layout-grid-1'  class='av-layout-grid-container entry-content-wrapper main_color av-flex-cells     avia-builder-el-0  el_before_av_section  avia-builder-el-first  container_wrap sidebar_right'  >\n<div class=\"flex_cell no_margin av_one_half  avia-builder-el-1  el_before_av_cell_one_half  avia-builder-el-first   avia-full-stretch \"  style='height:500px; min-height:500px;vertical-align:middle; padding:80px; background-color:#22689e; ' ><div class='flex_cell_inner' ><p>\n<style type=\"text\/css\" data-created_by=\"avia_inline_auto\" id=\"style-css-av-czsx49-0fe2faee7866166d7704b1b920102454\">\n#top .av-special-heading.av-czsx49-0fe2faee7866166d7704b1b920102454{\npadding-bottom:25px;\ncolor:#ffffff;\nfont-size:34px;\n}\n.av-special-heading.av-czsx49-0fe2faee7866166d7704b1b920102454 .special-heading-inner-border{\nborder-color:#ffffff;\n}\n<\/style>\n<div  class='av-special-heading av-czsx49-0fe2faee7866166d7704b1b920102454 av-special-heading-h3 custom-color-heading blockquote modern-quote  avia-builder-el-2  el_before_av_textblock  avia-builder-el-first  av-inherit-size '><h3 class='av-special-heading-tag '  itemprop=\"headline\"  >Soins propos\u00e9s<\/h3><div class='special-heading-border'><div class='special-heading-inner-border'><\/div><\/div><\/div><br \/>\n<section class=\"av_textblock_section \"  itemscope=\"itemscope\" itemtype=\"https:\/\/schema.org\/CreativeWork\" ><div class='avia_textblock  av_inherit_color '  style='color:#ffffff; '  itemprop=\"text\" ><p>Nous vous proposons des soins infirmiers de qualite \u00e0 domicile et au cabinet. (Cabinet situe au sein de la Maison M\u00e9dicale Madeleine br\u00e8s d&rsquo;Orl\u00e9ans )<\/p>\n<\/div><\/section><\/p>\n<\/div><\/div><div class=\"flex_cell no_margin av_one_half  avia-builder-el-4  el_after_av_cell_one_half  avia-builder-el-last   \"  style='height:500px; min-height:500px;background:url(https:\/\/www.cabinetinfirmierhp.fr\/wp-content\/uploads\/2016\/07\/dental-m.jpg) top center no-repeat scroll #22689e; vertical-align:middle; padding:80px; background-color:#22689e; ' ><div class='flex_cell_inner' ><\/div><\/div>\n<\/div>\n<div id='av_section_1'  class='avia-section av-chxza9-13bb36b8de50b4635e8307af8a3786d9 main_color avia-section-huge avia-no-border-styling  avia-builder-el-5  el_after_av_layout_row  avia-builder-el-last  avia-bg-style-scroll  container_wrap sidebar_right'  ><div class='container av-section-cont-open' ><div class='template-page content  av-content-small alpha units'><div class='post-entry post-entry-type-page post-entry-961'><div class='entry-content-wrapper clearfix'>\n<div class='flex_column_table av-cbfhxd-5069537efd4a01d98e94b770cac001f3 sc-av_one_third av-equal-height-column-flextable'>\n<style type=\"text\/css\" data-created_by=\"avia_inline_auto\" id=\"style-css-av-cbfhxd-5069537efd4a01d98e94b770cac001f3\">\n#top .flex_column_table.av-equal-height-column-flextable.av-cbfhxd-5069537efd4a01d98e94b770cac001f3{\nmargin-top:-200px;\nmargin-bottom:0px;\n}\n.flex_column.av-cbfhxd-5069537efd4a01d98e94b770cac001f3{\nborder-radius:0px 0px 0px 0px;\n-webkit-border-radius:0px 0px 0px 0px;\n-moz-border-radius:0px 0px 0px 0px;\npadding:40px 40px 40px 40px;\n}\n<\/style>\n<div class='flex_column av-cbfhxd-5069537efd4a01d98e94b770cac001f3 av_one_third  avia-builder-el-6  el_before_av_one_third  avia-builder-el-first  first no_margin flex_column_table_cell av-equal-height-column av-align-top '   ><\/div>\n<style type=\"text\/css\" data-created_by=\"avia_inline_auto\" id=\"style-css-av-c8b89d-cda781da3f3cf793072b1e92fe2b12ef\">\n#top .flex_column_table.av-equal-height-column-flextable.av-c8b89d-cda781da3f3cf793072b1e92fe2b12ef{\nmargin-top:-200px;\nmargin-bottom:0px;\n}\n.flex_column.av-c8b89d-cda781da3f3cf793072b1e92fe2b12ef{\nborder-radius:0px 0px 0px 0px;\n-webkit-border-radius:0px 0px 0px 0px;\n-moz-border-radius:0px 0px 0px 0px;\npadding:40px 40px 40px 40px;\nbackground-color:#379cd6;\n}\n<\/style>\n<div class='flex_column av-c8b89d-cda781da3f3cf793072b1e92fe2b12ef av_one_third  avia-builder-el-7  el_after_av_one_third  el_before_av_one_third  no_margin flex_column_table_cell av-equal-height-column av-align-top '   ><p>\n<style type=\"text\/css\" data-created_by=\"avia_inline_auto\" id=\"style-css-av-c1vq5l-728eac43d78c204090a9ed9bae8f9df9\">\n.av_font_icon.av-c1vq5l-728eac43d78c204090a9ed9bae8f9df9{\ncolor:#ffffff;\nborder-color:#ffffff;\n}\n.av_font_icon.av-c1vq5l-728eac43d78c204090a9ed9bae8f9df9 .av-icon-char{\nfont-size:60px;\nline-height:60px;\n}\n<\/style>\n<span  class=\"av_font_icon av-c1vq5l-728eac43d78c204090a9ed9bae8f9df9 avia_animate_when_visible av-icon-style- avia-icon-pos-center avia-icon-animate \"><span class='av-icon-char' aria-hidden='true' data-av_icon='\ue80b' data-av_iconfont='entypo-fontello' ><\/span><\/span><br \/>\n\n<style type=\"text\/css\" data-created_by=\"avia_inline_auto\" id=\"style-css-av-bvg9ld-767587c0c005dfd658211b8e78d4bddc\">\n#top .hr.hr-invisible.av-bvg9ld-767587c0c005dfd658211b8e78d4bddc{\nheight:20px;\n}\n<\/style>\n<div  class='hr av-bvg9ld-767587c0c005dfd658211b8e78d4bddc hr-invisible  avia-builder-el-9  el_after_av_font_icon  el_before_av_textblock  '><span class='hr-inner '><span class=\"hr-inner-style\"><\/span><\/span><\/div><br \/>\n<section class=\"av_textblock_section \"  itemscope=\"itemscope\" itemtype=\"https:\/\/schema.org\/CreativeWork\" ><div class='avia_textblock  av_inherit_color '  style='color:#ffffff; '  itemprop=\"text\" ><h4 style=\"text-align: center;\">Infirmier<\/h4>\n<p style=\"text-align: center;\"><strong>Patrick<\/strong><\/p>\n<\/div><\/section><br \/>\n\n<style type=\"text\/css\" data-created_by=\"avia_inline_auto\" id=\"style-css-av-bha0rl-79b42d53be6b50935fac841c15c56b6e\">\n#top .hr.hr-invisible.av-bha0rl-79b42d53be6b50935fac841c15c56b6e{\nheight:8px;\n}\n<\/style>\n<div  class='hr av-bha0rl-79b42d53be6b50935fac841c15c56b6e hr-invisible  avia-builder-el-11  el_after_av_textblock  el_before_av_button  '><span class='hr-inner '><span class=\"hr-inner-style\"><\/span><\/span><\/div><br \/>\n<div  class='avia-button-wrap avia-button-center  avia-builder-el-12  el_after_av_hr  avia-builder-el-last ' ><a href='https:\/\/www.cabinetinfirmierhp.fr\/?page_id=954'  class='avia-button av-bb3nd5-e3dc13230daacf0ee5bfb3c5aa391b51 avia-icon_select-no avia-size-medium avia-position-center avia-color-light ' ><span class='avia_iconbox_title' >Prendre rendez-vous<\/span><\/a><\/div><\/p><\/div>\n<style type=\"text\/css\" data-created_by=\"avia_inline_auto\" id=\"style-css-av-b7okt5-2c94ce7e18e69f9d379beb7e2b2d3041\">\n#top .flex_column_table.av-equal-height-column-flextable.av-b7okt5-2c94ce7e18e69f9d379beb7e2b2d3041{\nmargin-top:-200px;\nmargin-bottom:0px;\n}\n.flex_column.av-b7okt5-2c94ce7e18e69f9d379beb7e2b2d3041{\nborder-radius:0px 0px 0px 0px;\n-webkit-border-radius:0px 0px 0px 0px;\n-moz-border-radius:0px 0px 0px 0px;\npadding:40px 40px 40px 40px;\n}\n<\/style>\n<div class='flex_column av-b7okt5-2c94ce7e18e69f9d379beb7e2b2d3041 av_one_third  avia-builder-el-13  el_after_av_one_third  el_before_av_one_full  no_margin flex_column_table_cell av-equal-height-column av-align-top '   ><\/div><\/div><!--close column table wrapper. Autoclose: 1 -->\n<style type=\"text\/css\" data-created_by=\"avia_inline_auto\" id=\"style-css-av-b2pwpl-5eacada1bad477657443eb5f1e2ee7f0\">\n.flex_column.av-b2pwpl-5eacada1bad477657443eb5f1e2ee7f0{\nborder-radius:0px 0px 0px 0px;\n-webkit-border-radius:0px 0px 0px 0px;\n-moz-border-radius:0px 0px 0px 0px;\n}\n<\/style>\n<div class='flex_column av-b2pwpl-5eacada1bad477657443eb5f1e2ee7f0 av_one_full  avia-builder-el-14  el_after_av_one_third  avia-builder-el-last  first flex_column_div  av-animated-generic bottom-to-top av-zero-column-padding column-top-margin'   ><section class=\"av_textblock_section \"  itemscope=\"itemscope\" itemtype=\"https:\/\/schema.org\/CreativeWork\" ><div class='avia_textblock  '   itemprop=\"text\" ><blockquote>\n<p><span lang=\"FR\">Ablation agrafes<\/span><\/p>\n<\/blockquote>\n<blockquote>\n<p><span lang=\"FR\">A\u00e9rosols<\/span><\/p>\n<\/blockquote>\n<blockquote>\n<p><span lang=\"FR\">Aide \u00e0 la toilette<\/span><\/p>\n<\/blockquote>\n<blockquote>\n<p><span lang=\"FR\">Distribution des m\u00e9dicaments<\/span><\/p>\n<\/blockquote>\n<blockquote>\n<p><span lang=\"FR\">Dialyse p\u00e9riton\u00e9ale<\/span><\/p>\n<\/blockquote>\n<blockquote>\n<p><span lang=\"FR\">Injections sous-cutan\u00e9es et intramusculaires<\/span><\/p>\n<\/blockquote>\n<blockquote>\n<p><span lang=\"FR\">Instillation collyres<\/span><\/p>\n<\/blockquote>\n<blockquote>\n<p><span lang=\"FR\">Lavement rectal<\/span><\/p>\n<\/blockquote>\n<blockquote>\n<p><span lang=\"FR\">Pansements<\/span><\/p>\n<\/blockquote>\n<blockquote>\n<p><span lang=\"FR\">Perfusions sous-cutan\u00e9es et intraveineuses (KTP, voies centrales (PICC-LINE et PAC)<\/span><\/p>\n<\/blockquote>\n<blockquote>\n<p><span lang=\"FR\">Pr\u00e9paration du pilulier<\/span><\/p>\n<\/blockquote>\n<blockquote>\n<p><span lang=\"FR\">Pr\u00e9l\u00e8vements sanguins \u00e0 domicile<\/span><\/p>\n<\/blockquote>\n<blockquote>\n<p><span lang=\"FR\">Pose de sonde urinaire<\/span><\/p>\n<\/blockquote>\n<blockquote>\n<p><span lang=\"FR\">Sonde nasogastrique<\/span><\/p>\n<\/blockquote>\n<blockquote>\n<p><span lang=\"FR\">Surveillance des constantes<\/span><\/p>\n<\/blockquote>\n<blockquote>\n<p><span lang=\"FR\">Soins d&rsquo;hygi\u00e8ne (Toilettes compl\u00e8tes au lit et douche)<\/span><\/p>\n<\/blockquote>\n<blockquote>\n<p><span lang=\"FR\">Surveillance des glyc\u00e9mies capillaires avec injection d\u2019insuline<\/span><\/p>\n<\/blockquote>\n<\/div><\/section><\/div><\/div><\/div><\/div><!-- close content main div --><\/div><\/div><div id='after_section_1'  class='main_color av_default_container_wrap container_wrap sidebar_right'  ><div class='container av-section-cont-open' ><div class='template-page content  av-content-small alpha units'><div class='post-entry post-entry-type-page post-entry-961'><div class='entry-content-wrapper clearfix'>\n","protected":false},"excerpt":{"rendered":"","protected":false},"author":1,"featured_media":0,"parent":0,"menu_order":0,"comment_status":"closed","ping_status":"closed","template":"","meta":{"footnotes":""},"class_list":["post-961","page","type-page","status-publish","hentry"],"yoast_head":"<!-- This site is optimized with the Yoast SEO plugin v27.4 - https:\/\/yoast.com\/product\/yoast-seo-wordpress\/ -->\n<title>Soins - Cabinet Infirmier de Patrick<\/title>\n<meta name=\"description\" content=\"Ablation agrafesA\u00e9rosolsAide \u00e0 la toiletteDistribution des m\u00e9dicamentsDialyse p\u00e9riton\u00e9aleInjections sous-cutan\u00e9es et intramusculaires\" \/>\n<meta name=\"robots\" content=\"index, follow, max-snippet:-1, max-image-preview:large, max-video-preview:-1\" \/>\n<link rel=\"canonical\" href=\"https:\/\/www.cabinetinfirmierhp.fr\/?page_id=961\" \/>\n<meta property=\"og:locale\" content=\"fr_FR\" \/>\n<meta property=\"og:type\" content=\"article\" \/>\n<meta property=\"og:title\" content=\"Soins - Cabinet Infirmier de Patrick\" \/>\n<meta property=\"og:description\" content=\"Ablation agrafesA\u00e9rosolsAide \u00e0 la toiletteDistribution des m\u00e9dicamentsDialyse p\u00e9riton\u00e9aleInjections sous-cutan\u00e9es et intramusculaires\" \/>\n<meta property=\"og:url\" content=\"https:\/\/www.cabinetinfirmierhp.fr\/?page_id=961\" \/>\n<meta property=\"og:site_name\" content=\"Cabinet Infirmier de Patrick\" \/>\n<meta property=\"article:modified_time\" content=\"2023-09-13T16:52:58+00:00\" \/>\n<meta name=\"twitter:card\" content=\"summary_large_image\" \/>\n<meta name=\"twitter:label1\" content=\"Dur\u00e9e de lecture estim\u00e9e\" \/>\n\t<meta name=\"twitter:data1\" content=\"2 minutes\" \/>\n<script type=\"application\/ld+json\" class=\"yoast-schema-graph\">{\"@context\":\"https:\\\/\\\/schema.org\",\"@graph\":[{\"@type\":\"WebPage\",\"@id\":\"https:\\\/\\\/www.cabinetinfirmierhp.fr\\\/?page_id=961\",\"url\":\"https:\\\/\\\/www.cabinetinfirmierhp.fr\\\/?page_id=961\",\"name\":\"Soins - Cabinet Infirmier de Patrick\",\"isPartOf\":{\"@id\":\"https:\\\/\\\/www.cabinetinfirmierhp.fr\\\/#website\"},\"datePublished\":\"2016-07-15T14:21:20+00:00\",\"dateModified\":\"2023-09-13T16:52:58+00:00\",\"description\":\"Ablation agrafesA\u00e9rosolsAide \u00e0 la toiletteDistribution des m\u00e9dicamentsDialyse p\u00e9riton\u00e9aleInjections sous-cutan\u00e9es et intramusculaires\",\"breadcrumb\":{\"@id\":\"https:\\\/\\\/www.cabinetinfirmierhp.fr\\\/?page_id=961#breadcrumb\"},\"inLanguage\":\"fr-FR\",\"potentialAction\":[{\"@type\":\"ReadAction\",\"target\":[\"https:\\\/\\\/www.cabinetinfirmierhp.fr\\\/?page_id=961\"]}]},{\"@type\":\"BreadcrumbList\",\"@id\":\"https:\\\/\\\/www.cabinetinfirmierhp.fr\\\/?page_id=961#breadcrumb\",\"itemListElement\":[{\"@type\":\"ListItem\",\"position\":1,\"name\":\"Accueil\",\"item\":\"https:\\\/\\\/www.cabinetinfirmierhp.fr\\\/\"},{\"@type\":\"ListItem\",\"position\":2,\"name\":\"Soins\"}]},{\"@type\":\"WebSite\",\"@id\":\"https:\\\/\\\/www.cabinetinfirmierhp.fr\\\/#website\",\"url\":\"https:\\\/\\\/www.cabinetinfirmierhp.fr\\\/\",\"name\":\"Cabinet Infirmier de Patrick\",\"description\":\"Nous vous proposons des soins des soins infirmiers de qualit\u00e9 \u00e0 domicile et au cabinet 7\\\/7jours (Cabinet situe au sein de la maison de sant\u00e9 Madeleine Br\u00e8s d\u2019Orl\u00e9ans)\",\"potentialAction\":[{\"@type\":\"SearchAction\",\"target\":{\"@type\":\"EntryPoint\",\"urlTemplate\":\"https:\\\/\\\/www.cabinetinfirmierhp.fr\\\/?s={search_term_string}\"},\"query-input\":{\"@type\":\"PropertyValueSpecification\",\"valueRequired\":true,\"valueName\":\"search_term_string\"}}],\"inLanguage\":\"fr-FR\"}]}<\/script>\n<!-- \/ Yoast SEO plugin. -->","yoast_head_json":{"title":"Soins - Cabinet Infirmier de Patrick","description":"Ablation agrafesA\u00e9rosolsAide \u00e0 la toiletteDistribution des m\u00e9dicamentsDialyse p\u00e9riton\u00e9aleInjections sous-cutan\u00e9es et intramusculaires","robots":{"index":"index","follow":"follow","max-snippet":"max-snippet:-1","max-image-preview":"max-image-preview:large","max-video-preview":"max-video-preview:-1"},"canonical":"https:\/\/www.cabinetinfirmierhp.fr\/?page_id=961","og_locale":"fr_FR","og_type":"article","og_title":"Soins - Cabinet Infirmier de Patrick","og_description":"Ablation agrafesA\u00e9rosolsAide \u00e0 la toiletteDistribution des m\u00e9dicamentsDialyse p\u00e9riton\u00e9aleInjections sous-cutan\u00e9es et intramusculaires","og_url":"https:\/\/www.cabinetinfirmierhp.fr\/?page_id=961","og_site_name":"Cabinet Infirmier de Patrick","article_modified_time":"2023-09-13T16:52:58+00:00","twitter_card":"summary_large_image","twitter_misc":{"Dur\u00e9e de lecture estim\u00e9e":"2 minutes"},"schema":{"@context":"https:\/\/schema.org","@graph":[{"@type":"WebPage","@id":"https:\/\/www.cabinetinfirmierhp.fr\/?page_id=961","url":"https:\/\/www.cabinetinfirmierhp.fr\/?page_id=961","name":"Soins - Cabinet Infirmier de Patrick","isPartOf":{"@id":"https:\/\/www.cabinetinfirmierhp.fr\/#website"},"datePublished":"2016-07-15T14:21:20+00:00","dateModified":"2023-09-13T16:52:58+00:00","description":"Ablation agrafesA\u00e9rosolsAide \u00e0 la toiletteDistribution des m\u00e9dicamentsDialyse p\u00e9riton\u00e9aleInjections sous-cutan\u00e9es et intramusculaires","breadcrumb":{"@id":"https:\/\/www.cabinetinfirmierhp.fr\/?page_id=961#breadcrumb"},"inLanguage":"fr-FR","potentialAction":[{"@type":"ReadAction","target":["https:\/\/www.cabinetinfirmierhp.fr\/?page_id=961"]}]},{"@type":"BreadcrumbList","@id":"https:\/\/www.cabinetinfirmierhp.fr\/?page_id=961#breadcrumb","itemListElement":[{"@type":"ListItem","position":1,"name":"Accueil","item":"https:\/\/www.cabinetinfirmierhp.fr\/"},{"@type":"ListItem","position":2,"name":"Soins"}]},{"@type":"WebSite","@id":"https:\/\/www.cabinetinfirmierhp.fr\/#website","url":"https:\/\/www.cabinetinfirmierhp.fr\/","name":"Cabinet Infirmier de Patrick","description":"Nous vous proposons des soins des soins infirmiers de qualit\u00e9 \u00e0 domicile et au cabinet 7\/7jours (Cabinet situe au sein de la maison de sant\u00e9 Madeleine Br\u00e8s d\u2019Orl\u00e9ans)","potentialAction":[{"@type":"SearchAction","target":{"@type":"EntryPoint","urlTemplate":"https:\/\/www.cabinetinfirmierhp.fr\/?s={search_term_string}"},"query-input":{"@type":"PropertyValueSpecification","valueRequired":true,"valueName":"search_term_string"}}],"inLanguage":"fr-FR"}]}},"_links":{"self":[{"href":"https:\/\/www.cabinetinfirmierhp.fr\/index.php?rest_route=\/wp\/v2\/pages\/961","targetHints":{"allow":["GET"]}}],"collection":[{"href":"https:\/\/www.cabinetinfirmierhp.fr\/index.php?rest_route=\/wp\/v2\/pages"}],"about":[{"href":"https:\/\/www.cabinetinfirmierhp.fr\/index.php?rest_route=\/wp\/v2\/types\/page"}],"author":[{"embeddable":true,"href":"https:\/\/www.cabinetinfirmierhp.fr\/index.php?rest_route=\/wp\/v2\/users\/1"}],"replies":[{"embeddable":true,"href":"https:\/\/www.cabinetinfirmierhp.fr\/index.php?rest_route=%2Fwp%2Fv2%2Fcomments&post=961"}],"version-history":[{"count":9,"href":"https:\/\/www.cabinetinfirmierhp.fr\/index.php?rest_route=\/wp\/v2\/pages\/961\/revisions"}],"predecessor-version":[{"id":1196,"href":"https:\/\/www.cabinetinfirmierhp.fr\/index.php?rest_route=\/wp\/v2\/pages\/961\/revisions\/1196"}],"wp:attachment":[{"href":"https:\/\/www.cabinetinfirmierhp.fr\/index.php?rest_route=%2Fwp%2Fv2%2Fmedia&parent=961"}],"curies":[{"name":"wp","href":"https:\/\/api.w.org\/{rel}","templated":true}]}}